{"id":1648,"date":"2021-08-18T15:17:04","date_gmt":"2021-08-18T14:17:04","guid":{"rendered":"https:\/\/www.cemoasbl.be\/liens-utiles\/"},"modified":"2021-10-15T11:36:05","modified_gmt":"2021-10-15T10:36:05","slug":"handige-links","status":"publish","type":"page","link":"https:\/\/www.cemoasbl.be\/nl\/handige-links\/","title":{"rendered":"Handige links"},"content":{"rendered":"\r\n<p>&nbsp;<\/p>\r\n<table class=\" aligncenter\" style=\"height: 1152px; width: 99.6462%; border-collapse: collapse;\">\r\n<tbody>\r\n<tr style=\"height: 297px;\">\r\n<td style=\"text-align: center; vertical-align: middle; width: 24.7525%; height: 10px;\">\r\n<p><span style=\"background-color: #ffffff;\"><strong>Aide \u00e0 la Jeunesse<\/strong><\/span><\/p>\r\n<p><span style=\"background-color: #ffffff;\"><strong><a style=\"background-color: #ffffff;\" href=\"http:\/\/www.aidealajeunesse.cfwb.be\/\"><img loading=\"lazy\" src=\"https:\/\/www.cemoasbl.be\/wp-content\/uploads\/2020\/07\/logo_aj_final_bordure-300x275.jpg\" alt=\"\" width=\"146\" height=\"133\" \/><\/a><\/strong><\/span><\/p>\r\n<\/td>\r\n<td style=\"text-align: center; vertical-align: middle; width: 24.7525%; height: 10px;\">\r\n<p><span style=\"background-color: #ffffff;\"><strong>Service Droit des jeunes<\/strong><\/span><\/p>\r\n<p><span style=\"background-color: #ffffff;\"><strong><a style=\"background-color: #ffffff;\" href=\"http:\/\/www.sdj.be\/\"><img loading=\"lazy\" src=\"https:\/\/www.cemoasbl.be\/wp-content\/uploads\/2021\/08\/SDJ-300x300.jpg\" alt=\"\" width=\"100\" height=\"100\" \/><\/a><\/strong><\/span><\/p>\r\n<\/td>\r\n<td style=\"text-align: center; vertical-align: middle; width: 24.7525%; height: 10px;\">\r\n<p>&nbsp;<\/p>\r\n<p><span style=\"background-color: #ffffff;\"><strong>D\u00e9l\u00e9gu\u00e9 G\u00e9n\u00e9ral aux droits de l&#8217;enfant<\/strong><\/span><\/p>\r\n<p><span style=\"background-color: #ffffff;\"><strong><a style=\"background-color: #ffffff;\" href=\"http:\/\/www.dgde.cfwb.be\/\"><img loading=\"lazy\" src=\"https:\/\/www.cemoasbl.be\/wp-content\/uploads\/2021\/08\/LOGO_Delegue_general_aux_droits_de_lenfant-296x300.png\" alt=\"\" width=\"99\" height=\"100\" \/><\/a><\/strong><\/span><\/p>\r\n<p>&nbsp;<\/p>\r\n<\/td>\r\n<td style=\"text-align: center; vertical-align: middle; width: 24.7525%; height: 10px;\">\r\n<p><span style=\"background-color: #ffffff;\"><strong>Collectif des AMO Bruxelloises<\/strong><\/span><\/p>\r\n<p><span style=\"background-color: #ffffff;\"><strong><a style=\"background-color: #ffffff;\" href=\"https:\/\/amobxl.be\/\"><img loading=\"lazy\" src=\"https:\/\/www.cemoasbl.be\/wp-content\/uploads\/2021\/08\/Collectif-AMO-Bxl-242x300.jpg\" alt=\"\" width=\"81\" height=\"100\" \/><\/a><\/strong><\/span><\/p>\r\n<\/td>\r\n<\/tr>\r\n<tr style=\"height: 324px;\">\r\n<td style=\"text-align: center; vertical-align: middle; width: 24.7525%; height: 10px;\">\r\n<p><span style=\"background-color: #ffffff;\"><strong>CPAS de Saint-Gilles<\/strong><\/span><\/p>\r\n<p><span style=\"background-color: #ffffff;\"><strong><a style=\"background-color: #ffffff;\" href=\"http:\/\/cpas1060.be\/spip.php?lang=fr\"><img loading=\"lazy\" src=\"https:\/\/www.cemoasbl.be\/wp-content\/uploads\/2015\/09\/LOGO-CPAS_NEW_CMJN-300x118.jpg\" alt=\"\" width=\"158\" height=\"62\" \/><\/a><\/strong><\/span><\/p>\r\n<\/td>\r\n<td style=\"text-align: center; vertical-align: middle; width: 24.7525%; height: 10px;\">\r\n<p><span style=\"background-color: #ffffff;\"><strong>Commune de Saint-Gilles<\/strong><\/span><\/p>\r\n<p><span style=\"background-color: #ffffff;\"><strong><a style=\"background-color: #ffffff;\" href=\"https:\/\/stgilles.brussels\/\"><img loading=\"lazy\" src=\"https:\/\/www.cemoasbl.be\/wp-content\/uploads\/2021\/08\/commune-SG-300x85.jpg\" alt=\"\" width=\"221\" height=\"62\" \/><\/a><\/strong><\/span><\/p>\r\n<\/td>\r\n<td style=\"text-align: center; vertical-align: middle; width: 24.7525%; height: 10px;\">\r\n<p><span style=\"background-color: #ffffff;\"><strong>Bruxelles Temps Libre<\/strong><\/span><\/p>\r\n<p><span style=\"background-color: #ffffff;\"><strong><a style=\"background-color: #ffffff;\" href=\"https:\/\/www.bruxellestempslibre.be\/\"><img loading=\"lazy\" src=\"https:\/\/www.cemoasbl.be\/wp-content\/uploads\/2021\/08\/bxltempslibre-300x300.jpg\" alt=\"\" width=\"100\" height=\"100\" \/><\/a><\/strong><\/span><\/p>\r\n<\/td>\r\n<td style=\"text-align: center; vertical-align: middle; width: 24.7525%; height: 10px;\">\r\n<p><span style=\"background-color: #ffffff;\"><strong>Samusocial<\/strong><\/span><\/p>\r\n<p><span style=\"background-color: #ffffff;\"><strong><a style=\"background-color: #ffffff;\" href=\"https:\/\/samusocial.be\/\"><img loading=\"lazy\" src=\"https:\/\/www.cemoasbl.be\/wp-content\/uploads\/2021\/08\/samusocial-300x300.jpg\" alt=\"\" width=\"102\" height=\"102\" \/><\/a><\/strong><\/span><\/p>\r\n<\/td>\r\n<\/tr>\r\n<tr style=\"height: 96px;\">\r\n<td style=\"text-align: center; vertical-align: middle; width: 24.7525%; height: 81px;\">\r\n<p>&nbsp;<\/p>\r\n<p><span style=\"background-color: #ffffff;\"><strong>Abaka<\/strong><\/span><\/p>\r\n<p><span style=\"background-color: #ffffff;\"><strong><a style=\"background-color: #ffffff;\" href=\"https:\/\/www.abaka.be\/\"><img loading=\"lazy\" src=\"https:\/\/www.cemoasbl.be\/wp-content\/uploads\/2021\/08\/logoabaka-300x136.png\" alt=\"\" width=\"154\" height=\"70\" \/><\/a><\/strong><\/span><\/p>\r\n<p>&nbsp;<\/p>\r\n<\/td>\r\n<td style=\"text-align: center; vertical-align: middle; width: 24.7525%; height: 81px;\">\r\n<p><span style=\"background-color: #ffffff;\"><strong>SOS Jeunes<\/strong><\/span><\/p>\r\n<p><span style=\"background-color: #ffffff;\"><strong><a style=\"background-color: #ffffff;\" href=\"http:\/\/www.sosjeunes.be\/#&amp;panel1-1\"><img loading=\"lazy\" src=\"https:\/\/www.cemoasbl.be\/wp-content\/uploads\/2021\/08\/SOS-Jeunes-Quartier-Libre-300x154.jpg\" alt=\"\" width=\"139\" height=\"71\" \/><\/a><\/strong><\/span><\/p>\r\n<\/td>\r\n<td style=\"text-align: center; vertical-align: middle; width: 24.7525%; height: 81px;\">\r\n<p><span style=\"background-color: #ffffff;\"><strong>Fugue.be<\/strong><\/span><\/p>\r\n<p><span style=\"background-color: #ffffff;\"><strong><a style=\"background-color: #ffffff;\" href=\"http:\/\/fugue.be\/\"><img loading=\"lazy\" src=\"https:\/\/www.cemoasbl.be\/wp-content\/uploads\/2021\/08\/fugue.be_.png\" alt=\"\" width=\"158\" height=\"71\" \/><\/a><\/strong><\/span><\/p>\r\n<\/td>\r\n<td style=\"text-align: center; vertical-align: middle; width: 24.7525%; height: 81px;\">\r\n<p><span style=\"background-color: #ffffff;\"><strong>Ligne d&#8217;\u00e9coute Violences<\/strong><\/span><\/p>\r\n<p><span style=\"background-color: #ffffff;\"><strong><a style=\"background-color: #ffffff;\" href=\"https:\/\/www.ecouteviolencesconjugales.be\/\"><img loading=\"lazy\" src=\"https:\/\/www.cemoasbl.be\/wp-content\/uploads\/2021\/08\/logo-violences-300x138.png\" alt=\"\" width=\"150\" height=\"69\" \/><\/a><\/strong><\/span><\/p>\r\n<\/td>\r\n<\/tr>\r\n<tr style=\"height: 209px;\">\r\n<td style=\"text-align: center; vertical-align: middle; width: 24.7525%; height: 209px;\">\r\n<p><strong>Actiris<\/strong><\/p>\r\n<p><a href=\"https:\/\/www.actiris.brussels\/fr\/citoyens\/\"><img loading=\"lazy\" class=\"alignnone  wp-image-1467\" src=\"https:\/\/www.cemoasbl.be\/wp-content\/uploads\/2021\/08\/actiris-300x240.jpg\" alt=\"\" width=\"101\" height=\"81\" srcset=\"https:\/\/www.cemoasbl.be\/wp-content\/uploads\/2021\/08\/actiris-300x240.jpg 300w, https:\/\/www.cemoasbl.be\/wp-content\/uploads\/2021\/08\/actiris-768x615.jpg 768w, https:\/\/www.cemoasbl.be\/wp-content\/uploads\/2021\/08\/actiris.jpg 772w\" sizes=\"(max-width: 101px) 100vw, 101px\" \/><\/a><\/p>\r\n<\/td>\r\n<td style=\"text-align: center; vertical-align: middle; width: 24.7525%; height: 209px;\">\r\n<p><span style=\"background-color: #ffffff;\"><strong>\u00a0<\/strong><\/span><\/p>\r\n<\/td>\r\n<td style=\"text-align: center; vertical-align: middle; width: 24.7525%; height: 209px;\">\r\n<p><span style=\"background-color: #ffffff;\"><strong>\u00a0<\/strong><\/span><\/p>\r\n<\/td>\r\n<td style=\"text-align: center; vertical-align: middle; width: 24.7525%; height: 209px;\">\r\n<p><span style=\"background-color: #ffffff;\"><strong>\u00a0<\/strong><\/span><\/p>\r\n<\/td>\r\n<\/tr>\r\n<\/tbody>\r\n<\/table>\r\n<p>&nbsp;<\/p>\r\n\r\n<div id=\"ConnectiveDocSignExtentionInstalled\" data-extension-version=\"1.0.4\">\u00a0<\/div>","protected":false},"excerpt":{"rendered":"<p>&nbsp; Aide \u00e0 la Jeunesse Service Droit des jeunes &nbsp; D\u00e9l\u00e9gu\u00e9 G\u00e9n\u00e9ral aux droits de l&#8217;enfant &nbsp; Collectif des AMO Bruxelloises CPAS de Saint-Gilles Commune de Saint-Gilles Bruxelles Temps Libre Samusocial &nbsp; Abaka &nbsp; SOS Jeunes Fugue.be Ligne d&#8217;\u00e9coute Violences Actiris \u00a0 \u00a0 \u00a0 &nbsp; \u00a0<\/p>\n","protected":false},"author":8,"featured_media":0,"parent":0,"menu_order":0,"comment_status":"closed","ping_status":"closed","template":"","meta":[],"_links":{"self":[{"href":"https:\/\/www.cemoasbl.be\/nl\/wp-json\/wp\/v2\/pages\/1648"}],"collection":[{"href":"https:\/\/www.cemoasbl.be\/nl\/wp-json\/wp\/v2\/pages"}],"about":[{"href":"https:\/\/www.cemoasbl.be\/nl\/wp-json\/wp\/v2\/types\/page"}],"author":[{"embeddable":true,"href":"https:\/\/www.cemoasbl.be\/nl\/wp-json\/wp\/v2\/users\/8"}],"replies":[{"embeddable":true,"href":"https:\/\/www.cemoasbl.be\/nl\/wp-json\/wp\/v2\/comments?post=1648"}],"version-history":[{"count":1,"href":"https:\/\/www.cemoasbl.be\/nl\/wp-json\/wp\/v2\/pages\/1648\/revisions"}],"predecessor-version":[{"id":1649,"href":"https:\/\/www.cemoasbl.be\/nl\/wp-json\/wp\/v2\/pages\/1648\/revisions\/1649"}],"wp:attachment":[{"href":"https:\/\/www.cemoasbl.be\/nl\/wp-json\/wp\/v2\/media?parent=1648"}],"curies":[{"name":"wp","href":"https:\/\/api.w.org\/{rel}","templated":true}]}}