{"id":1636,"date":"2021-08-19T14:47:28","date_gmt":"2021-08-19T13:47:28","guid":{"rendered":"https:\/\/www.cemoasbl.be\/videos\/"},"modified":"2024-06-18T13:22:11","modified_gmt":"2024-06-18T12:22:11","slug":"ons-videos","status":"publish","type":"page","link":"https:\/\/www.cemoasbl.be\/nl\/ons-videos\/","title":{"rendered":"Onze videos"},"content":{"rendered":"\r\n<table style=\"border-collapse: collapse; width: 111.786%; height: 1054px;\">\r\n<tbody>\r\n<tr style=\"height: 402px;\">\r\n<td style=\"width: 32.6943%; text-align: center; vertical-align: top; height: 297px;\">\r\n<p><strong>Le CEMO c&#8217;est quoi ?<\/strong><\/p>\r\n<p><iframe loading=\"lazy\" title=\"fast and curious CEMO\" src=\"\/\/player.vimeo.com\/video\/589367625?title=0&amp;amp;byline=0\" width=\"300\" height=\"169\" frameborder=\"0\" allowfullscreen=\"allowfullscreen\"><\/iframe><\/p>\r\n<\/td>\r\n<td style=\"width: 35.5454%; text-align: center; vertical-align: top; height: 297px;\">\r\n<p><strong>Pr\u00e9sentation du projet KAP 2021<\/strong><\/p>\r\n<p><iframe loading=\"lazy\" title=\"Pr&amp;eacute;sentation KAP 06.21.mp4\" src=\"\/\/player.vimeo.com\/video\/589358304?title=0&amp;amp;byline=0\" width=\"300\" height=\"169\" frameborder=\"0\" allowfullscreen=\"allowfullscreen\"><\/iframe><\/p>\r\n<\/td>\r\n<td style=\"width: 43.2489%; text-align: center; vertical-align: top; height: 297px;\">\r\n<p><strong>Adolescence : ruptures, mutations, transitions : Le KAP<\/strong><\/p>\r\n<p><iframe loading=\"lazy\" title=\"Adolescence, rupture mutation transition - Le KAP + g&amp;eacute;n&amp;eacute;rique\" src=\"\/\/player.vimeo.com\/video\/589370642?title=0&amp;amp;byline=0\" width=\"300\" height=\"169\" frameborder=\"0\" allowfullscreen=\"allowfullscreen\"><\/iframe><\/p>\r\n<\/td>\r\n<\/tr>\r\n<tr style=\"height: 432px;\">\r\n<td style=\"width: 32.6943%; text-align: center; vertical-align: top; height: 360px;\">\r\n<p><strong>In\u00e9galit\u00e9s sociales : quels droits y r\u00e9sistent ?<\/strong><\/p>\r\n<p><iframe loading=\"lazy\" src=\"\/\/player.vimeo.com\/video\/164415416?title=0&amp;byline=0&amp;portrait=0&amp;color=8dc7dc\" width=\"300\" height=\"247\" allowfullscreen=\"allowfullscreen\" data-mce-fragment=\"1\"><\/iframe><\/p>\r\n<\/td>\r\n<td style=\"width: 35.5454%; text-align: center; vertical-align: top; height: 360px;\">\r\n<p><strong>Portes ouvertes &#8220;Maison L\u00e9on&#8221; : projet KAP<\/strong><\/p>\r\n<p><iframe loading=\"lazy\" src=\"\/\/player.vimeo.com\/video\/239414485?title=0&amp;byline=0&amp;portrait=0&amp;color=8dc7dc\" width=\"300\" height=\"247\" allowfullscreen=\"allowfullscreen\" data-mce-fragment=\"1\"><\/iframe><\/p>\r\n<\/td>\r\n<td style=\"width: 43.2489%; text-align: center; vertical-align: top; height: 360px;\">\r\n<p><strong>Capsule 40 ans du CEMO : Bachir<\/strong><\/p>\r\n<p><iframe loading=\"lazy\" title=\"CEMO_Bachir\" src=\"\/\/player.vimeo.com\/video\/590934824?title=0&amp;amp;byline=0\" width=\"300\" height=\"169\" frameborder=\"0\" allowfullscreen=\"allowfullscreen\"><\/iframe><\/p>\r\n<\/td>\r\n<\/tr>\r\n<tr style=\"height: 96px;\">\r\n<td style=\"width: 32.6943%; text-align: center; vertical-align: top; height: 96px;\">\r\n<p><strong>Capsule 40 ans du CEMO : Shamir<\/strong><\/p>\r\n<p><iframe loading=\"lazy\" title=\"CEMO_Shamir\" src=\"\/\/player.vimeo.com\/video\/590936564?title=0&amp;amp;byline=0\" width=\"300\" height=\"169\" frameborder=\"0\" allowfullscreen=\"allowfullscreen\"><\/iframe><\/p>\r\n<\/td>\r\n<td style=\"width: 35.5454%; text-align: center; vertical-align: top; height: 96px;\">\r\n<p><strong>Capsule 40 ans du CEMO : Yolanda<\/strong><\/p>\r\n<p><iframe loading=\"lazy\" title=\"CEMO_Yolanda\" src=\"\/\/player.vimeo.com\/video\/590937119?title=0&amp;amp;byline=0\" width=\"300\" height=\"169\" frameborder=\"0\" allowfullscreen=\"allowfullscreen\"><\/iframe><\/p>\r\n<\/td>\r\n<td style=\"width: 43.2489%; text-align: center; vertical-align: top; height: 96px;\">\r\n<p><strong>Capsule 40 ans du CEMO : Nathalie<\/strong><\/p>\r\n<p><iframe loading=\"lazy\" title=\"CEMO_Nathalie\" src=\"\/\/player.vimeo.com\/video\/590936092?title=0&amp;amp;byline=0\" width=\"300\" height=\"169\" frameborder=\"0\" allowfullscreen=\"allowfullscreen\"><\/iframe><\/p>\r\n<\/td>\r\n<\/tr>\r\n<tr style=\"height: 301px;\">\r\n<td style=\"width: 32.6943%; text-align: center; vertical-align: top; height: 301px;\">\r\n<p><strong>Capsule 40 ans du CEMO : Jessica<\/strong><\/p>\r\n<p><iframe loading=\"lazy\" title=\"CEMO_Jessica\" src=\"\/\/player.vimeo.com\/video\/590935661?title=0&amp;amp;byline=0\" width=\"300\" height=\"169\" frameborder=\"0\" allowfullscreen=\"allowfullscreen\"><\/iframe><\/p>\r\n<\/td>\r\n<td style=\"width: 35.5454%; text-align: center; vertical-align: top; height: 301px;\">\r\n<p><strong>Le CEMO<\/strong><\/p>\r\n<p><iframe loading=\"lazy\" title=\"Pr&amp;eacute;sentation CEMO OG 0621\" src=\"\/\/player.vimeo.com\/video\/591493264?title=0&amp;amp;byline=0\" width=\"300\" height=\"169\" frameborder=\"0\" allowfullscreen=\"allowfullscreen\"><\/iframe><\/p>\r\n<\/td>\r\n<td style=\"width: 43.2489%; text-align: center; vertical-align: top; height: 301px;\">\r\n<p><strong>Projet miroir au KAP L\u00e9on &#8211; 2021<\/strong><\/p>\r\n<p><iframe loading=\"lazy\" src=\"\/\/www.youtube.com\/embed\/f_0zt_TP_OU\" width=\"310\" height=\"174\" allowfullscreen=\"allowfullscreen\"><\/iframe><\/p>\r\n<\/td>\r\n<\/tr>\r\n<tr>\r\n<td style=\"width: 32.6943%; text-align: center; vertical-align: top;\">\r\n<p><strong>TOI(TS) LA NUIT ( Maria Baoli ) &#8211; 2023<\/strong><\/p>\r\n<p><iframe loading=\"lazy\" src=\"\/\/www.youtube.com\/embed\/AJWpttydKc0\" width=\"275\" height=\"154\" allowfullscreen=\"allowfullscreen\" data-mce-fragment=\"1\"><\/iframe><\/p>\r\n<\/td>\r\n<td style=\"width: 35.5454%; text-align: center; vertical-align: top;\">\r\n<p><strong>Pr\u00e9sentation KAP &#8211; 2024<\/strong><\/p>\r\n<p><iframe loading=\"lazy\" src=\"\/\/player.vimeo.com\/video\/956391967?title=0&amp;amp;byline=0\" width=\"300\" height=\"169\" allowfullscreen=\"allowfullscreen\" data-mce-fragment=\"1\"><\/iframe><\/p>\r\n<p><strong>\u00a0<\/strong><\/p>\r\n<\/td>\r\n<td style=\"width: 43.2489%; text-align: center; vertical-align: top;\">\r\n<p><strong>Pr\u00e9sentation du KAP 2021 &#8211; version NL<\/strong><\/p>\r\n<p><strong><iframe loading=\"lazy\" src=\"\/\/player.vimeo.com\/video\/961150811?title=0&amp;byline=0&amp;portrait=0&amp;color=8dc7dc\" width=\"300\" height=\"169\" allowfullscreen=\"allowfullscreen\" data-mce-fragment=\"1\"><\/iframe>\u00a0<\/strong><\/p>\r\n<p><strong>\u00a0<\/strong><\/p>\r\n<\/td>\r\n<\/tr>\r\n<\/tbody>\r\n<\/table>\r\n\r\n<div id=\"ConnectiveDocSignExtentionInstalled\" data-extension-version=\"1.0.4\">\u00a0<\/div>","protected":false},"excerpt":{"rendered":"<p>Le CEMO c&#8217;est quoi ? Pr\u00e9sentation du projet KAP 2021 Adolescence : ruptures, mutations, transitions : Le KAP In\u00e9galit\u00e9s sociales : quels droits y r\u00e9sistent ? Portes ouvertes &#8220;Maison L\u00e9on&#8221; : projet KAP Capsule 40 ans du CEMO : Bachir Capsule 40 ans du CEMO : Shamir Capsule 40 ans du CEMO : Yolanda Capsule [&hellip;]<\/p>\n","protected":false},"author":8,"featured_media":0,"parent":0,"menu_order":0,"comment_status":"closed","ping_status":"closed","template":"","meta":[],"_links":{"self":[{"href":"https:\/\/www.cemoasbl.be\/nl\/wp-json\/wp\/v2\/pages\/1636"}],"collection":[{"href":"https:\/\/www.cemoasbl.be\/nl\/wp-json\/wp\/v2\/pages"}],"about":[{"href":"https:\/\/www.cemoasbl.be\/nl\/wp-json\/wp\/v2\/types\/page"}],"author":[{"embeddable":true,"href":"https:\/\/www.cemoasbl.be\/nl\/wp-json\/wp\/v2\/users\/8"}],"replies":[{"embeddable":true,"href":"https:\/\/www.cemoasbl.be\/nl\/wp-json\/wp\/v2\/comments?post=1636"}],"version-history":[{"count":6,"href":"https:\/\/www.cemoasbl.be\/nl\/wp-json\/wp\/v2\/pages\/1636\/revisions"}],"predecessor-version":[{"id":1976,"href":"https:\/\/www.cemoasbl.be\/nl\/wp-json\/wp\/v2\/pages\/1636\/revisions\/1976"}],"wp:attachment":[{"href":"https:\/\/www.cemoasbl.be\/nl\/wp-json\/wp\/v2\/media?parent=1636"}],"curies":[{"name":"wp","href":"https:\/\/api.w.org\/{rel}","templated":true}]}}