{"id":1581,"date":"2021-10-15T10:26:26","date_gmt":"2021-10-15T09:26:26","guid":{"rendered":"https:\/\/www.cemoasbl.be\/?page_id=1581"},"modified":"2021-10-15T10:45:32","modified_gmt":"2021-10-15T09:45:32","slug":"sociale-diagnose-2020","status":"publish","type":"page","link":"https:\/\/www.cemoasbl.be\/nl\/sociale-diagnose-2020\/","title":{"rendered":"Sociale diagnose 2020"},"content":{"rendered":"<p style=\"text-align: justify;\">Artikel 4 van het arrest van 5 december 2018 betreffende de specifieke voorwaarden voor de goedkeuring en de toekenning van subsidies voor rechtstreeks toegankelijke jeugdhulpdiensten (\u2018arr\u00eat\u00e9 du 5 d\u00e9cembre 2018 relatif aux conditions particuli\u00e8res d\u2019agr\u00e9ment et d\u2019octroi des subventions pour les services d\u2019actions en milieu ouvert\u2019) stipuleert dat \u201cde collectieve acties voor educatieve preventie en sociale preventie zijn hoofdzakelijk gestoeld op een sociale diagnose van het actiegebied van de dienst die door diezelfde dienst wordt gemaakt. De sociale diagnose moet worden beschouwd als een continu proces en moet tenminste om de drie jaar worden herzien. Het is namelijk gebaseerd op: 1. Een analyse van het leefmilieu van de jongeren; 2. Een analyse van de individuele en collectieve vragen\/verzoeken; 3. Een reflectie over de manier waarop rekening kan worden gehouden met de mening van jongeren. De sociale diagnose wordt voorgesteld volgens de door de minister vastgelegde procedures.<\/p>\n<div id=\"ConnectiveDocSignExtentionInstalled\" data-extension-version=\"1.0.4\"><\/div>\n","protected":false},"excerpt":{"rendered":"<p>Artikel 4 van het arrest van 5 december 2018 betreffende de specifieke voorwaarden voor de goedkeuring en de toekenning van subsidies voor rechtstreeks toegankelijke jeugdhulpdiensten (\u2018arr\u00eat\u00e9 du 5 d\u00e9cembre 2018 relatif aux conditions particuli\u00e8res d\u2019agr\u00e9ment et d\u2019octroi des subventions pour les services d\u2019actions en milieu ouvert\u2019) stipuleert dat \u201cde collectieve acties voor educatieve preventie en [&hellip;]<\/p>\n","protected":false},"author":8,"featured_media":0,"parent":0,"menu_order":0,"comment_status":"closed","ping_status":"closed","template":"","meta":[],"_links":{"self":[{"href":"https:\/\/www.cemoasbl.be\/nl\/wp-json\/wp\/v2\/pages\/1581"}],"collection":[{"href":"https:\/\/www.cemoasbl.be\/nl\/wp-json\/wp\/v2\/pages"}],"about":[{"href":"https:\/\/www.cemoasbl.be\/nl\/wp-json\/wp\/v2\/types\/page"}],"author":[{"embeddable":true,"href":"https:\/\/www.cemoasbl.be\/nl\/wp-json\/wp\/v2\/users\/8"}],"replies":[{"embeddable":true,"href":"https:\/\/www.cemoasbl.be\/nl\/wp-json\/wp\/v2\/comments?post=1581"}],"version-history":[{"count":1,"href":"https:\/\/www.cemoasbl.be\/nl\/wp-json\/wp\/v2\/pages\/1581\/revisions"}],"predecessor-version":[{"id":1582,"href":"https:\/\/www.cemoasbl.be\/nl\/wp-json\/wp\/v2\/pages\/1581\/revisions\/1582"}],"wp:attachment":[{"href":"https:\/\/www.cemoasbl.be\/nl\/wp-json\/wp\/v2\/media?parent=1581"}],"curies":[{"name":"wp","href":"https:\/\/api.w.org\/{rel}","templated":true}]}}