{"id":1550,"date":"2015-09-03T11:24:55","date_gmt":"2015-09-03T10:24:55","guid":{"rendered":"https:\/\/www.cemoasbl.be\/kap\/"},"modified":"2024-06-19T10:58:10","modified_gmt":"2024-06-19T09:58:10","slug":"kap","status":"publish","type":"page","link":"https:\/\/www.cemoasbl.be\/nl\/kap\/","title":{"rendered":"KAP"},"content":{"rendered":"<h3 style=\"text-align: justify;\">Kot Autonome Provisoire (tijdelijk zelfstandig verblijf)<\/h3>\r\n<h4 style=\"text-align: justify;\"><strong>Transitappartementen voor begeleiding naar zelfstandigheid<\/strong><\/h4>\r\n<p style=\"text-align: justify;\">Een groot aantal \u00ab jongeren \u00bb komen bij moeilijkheden in hun gezinssituatie of crisissituaties op straat terecht, met alle risico\u2019s van dien, en de moeilijkheid om een nieuw (tijdelijk) verblijf te vinden.<\/p>\r\n<p style=\"text-align: justify;\">Ons begeleidingsproject naar zelfstandigheid richt zich tot jongeren tussen 16 en 25 jaar (alleenstaand of alleenstaande ouder) en bestaat erin \u2013 aan de hand van een tijdelijke zelfstandige woning \u2013 de voorwaarden te cre\u00ebren voor een intensieve opvoedkundige en psychosociale begeleiding. Het doel is om een globale opvang gericht op het aanwerven van vaardigheden en het oplossen van moeilijkheden mogelijk te maken, maar ook om toekomstperspectieven te ondersteunen (gezinssituatie, scholing, functionele zelfstandigheid, etc.)<\/p>\r\n<h4 style=\"text-align: justify;\"><strong>Het KAP biedt een intensieve begeleiding naar zelfstandigheid aan jongeren tussen 16 en 25 jaar via het verblijf tool.<\/strong><\/h4>\r\n<p style=\"text-align: justify;\">In het kader van het KAP, beschikt \u2018le CEMO\u2019 (Centre d\u2019\u00c9ducation en Milieu Ouvert, NL: rechtstreeks toegankelijk opvoedingscentrum) over een twintigtiental verblijfseenheden verspreid over verschillende Brusselse gemeenten.<\/p>\r\n<p style=\"text-align: justify;\">Binnen dit transitverblijf mag de gehuisveste persoon maximum \u00e9\u00e9n jaar verblijven. Eerst voor een p\u00e9riode van drie maanden die tot drie keer kan worden verlengd. De zoektocht naar een \u2018post-KAP\u2019 oplossing maakt deel uit van het zelfstandigheidsproject dat met elke jongere wordt uitgewerkt.<\/p>\r\n<p style=\"text-align: justify;\">De gemeenschapsdynamiek is inherent aan het project, maar is vooral aanwezig in Elsene, binnen het \u2018KAP L\u00e9on\u2019, en in Molenbeek, binnen het &#8216;KAP INDUSTRIE&#8217;, waar een project rond solidaire woningen wordt uitgewerkt in samenwerking met vzw Convivium \u2013 een dienst voor vluchtelingen en nieuwkomers in Belgi\u00eb.<\/p>\r\n<p style=\"text-align: justify;\">De woningen worden ter beschikking gesteld van jongeren binnen het KAP-project dankzij een samenwerking met vijf sociale verhuurkantoren (Sint-Gilles, Ieder Zijn Woning en \u2018Habitat et R\u00e9novation\u2019, AISAC, MAIS).<\/p>\r\n<table style=\"height: 378px; width: 100%; border-collapse: collapse; border-style: hidden;\">\r\n<tbody>\r\n<tr style=\"height: 378px;\">\r\n<td style=\"height: 378px; width: 33.2143%;\">\r\n<p style=\"text-align: center;\"><a href=\"https:\/\/www.cemoasbl.be\/wp-content\/uploads\/2023\/09\/Brochure-KAP-FR-WEB.pdf\"><img loading=\"lazy\" class=\"alignnone wp-image-1822 size-medium\" src=\"https:\/\/www.cemoasbl.be\/wp-content\/uploads\/2023\/09\/Couverture-KAP-FR-212x300.jpg\" alt=\"\" width=\"212\" height=\"300\" srcset=\"https:\/\/www.cemoasbl.be\/wp-content\/uploads\/2023\/09\/Couverture-KAP-FR-212x300.jpg 212w, https:\/\/www.cemoasbl.be\/wp-content\/uploads\/2023\/09\/Couverture-KAP-FR-724x1024.jpg 724w, https:\/\/www.cemoasbl.be\/wp-content\/uploads\/2023\/09\/Couverture-KAP-FR-768x1086.jpg 768w, https:\/\/www.cemoasbl.be\/wp-content\/uploads\/2023\/09\/Couverture-KAP-FR-1086x1536.jpg 1086w, https:\/\/www.cemoasbl.be\/wp-content\/uploads\/2023\/09\/Couverture-KAP-FR.jpg 1414w\" sizes=\"(max-width: 212px) 100vw, 212px\" \/><\/a><\/p>\r\n<p style=\"text-align: center;\">Version fran\u00e7aise de notre brochure KAP<\/p>\r\n<\/td>\r\n<td style=\"width: 33.3333%; height: 378px; text-align: center;\">\r\n<p><a href=\"https:\/\/www.cemoasbl.be\/wp-content\/uploads\/2023\/09\/Brochure-KAP-EN-WEB.pdf\"><img loading=\"lazy\" class=\"alignnone wp-image-1824 size-medium\" src=\"https:\/\/www.cemoasbl.be\/wp-content\/uploads\/2023\/09\/Couverture-KAP-EN-212x300.jpg\" alt=\"\" width=\"212\" height=\"300\" srcset=\"https:\/\/www.cemoasbl.be\/wp-content\/uploads\/2023\/09\/Couverture-KAP-EN-212x300.jpg 212w, https:\/\/www.cemoasbl.be\/wp-content\/uploads\/2023\/09\/Couverture-KAP-EN-724x1024.jpg 724w, https:\/\/www.cemoasbl.be\/wp-content\/uploads\/2023\/09\/Couverture-KAP-EN-768x1086.jpg 768w, https:\/\/www.cemoasbl.be\/wp-content\/uploads\/2023\/09\/Couverture-KAP-EN-1086x1536.jpg 1086w, https:\/\/www.cemoasbl.be\/wp-content\/uploads\/2023\/09\/Couverture-KAP-EN.jpg 1414w\" sizes=\"(max-width: 212px) 100vw, 212px\" \/><\/a><\/p>\r\n<p>English version of our KAP-brochure<\/p>\r\n<\/td>\r\n<td style=\"width: 33.3333%; height: 378px; text-align: center;\">\r\n<p><a href=\"https:\/\/www.cemoasbl.be\/wp-content\/uploads\/2023\/09\/Brochure-KAP-NL-WEB.pdf\"><img loading=\"lazy\" class=\"alignnone wp-image-1826 size-medium\" src=\"https:\/\/www.cemoasbl.be\/wp-content\/uploads\/2023\/09\/Couverture-KAP-NL-212x300.jpg\" alt=\"\" width=\"212\" height=\"300\" srcset=\"https:\/\/www.cemoasbl.be\/wp-content\/uploads\/2023\/09\/Couverture-KAP-NL-212x300.jpg 212w, https:\/\/www.cemoasbl.be\/wp-content\/uploads\/2023\/09\/Couverture-KAP-NL-724x1024.jpg 724w, https:\/\/www.cemoasbl.be\/wp-content\/uploads\/2023\/09\/Couverture-KAP-NL-768x1086.jpg 768w, https:\/\/www.cemoasbl.be\/wp-content\/uploads\/2023\/09\/Couverture-KAP-NL-1086x1536.jpg 1086w, https:\/\/www.cemoasbl.be\/wp-content\/uploads\/2023\/09\/Couverture-KAP-NL.jpg 1414w\" sizes=\"(max-width: 212px) 100vw, 212px\" \/><\/a><\/p>\r\n<p>Nederlandse versie van onze KAP-brochure\u00a0<\/p>\r\n<\/td>\r\n<\/tr>\r\n<\/tbody>\r\n<\/table>\r\n\r\n<div class=\"wp-container-1 wp-block-group\"><div class=\"wp-block-group__inner-container\">\r\n<p>&nbsp;<\/p>\r\n<p><a href=\"https:\/\/www.cemoasbl.be\/wp-content\/uploads\/2022\/03\/rapport-dactivites-Kap-2021-WEB.pdf\">Activiteiten rapport KAP 2021 (franse versie)<\/a><\/p>\r\n<p><a href=\"https:\/\/www.cemoasbl.be\/wp-content\/uploads\/2022\/03\/Synthese-Jeunes-sans-Abris-traduction.pdf\">Synthese activiteiten rapport KAP 2021 (neederlands versie)<\/a><\/p>\r\n<p><a href=\"https:\/\/www.cemoasbl.be\/wp-content\/uploads\/2021\/07\/KAP-Rapport-activites-2020.pdf\">Activiteiten rapport KAP 2020 (franse versie)<\/a><\/p>\r\n<p><a href=\"https:\/\/www.cemoasbl.be\/wp-content\/uploads\/2020\/06\/Rapport-activit\u00e9s-KAP-2019.pdf\">Activiteiten rapport KAP 2019 (franse versie)<\/a><\/p>\r\n<p><a href=\"https:\/\/www.cemoasbl.be\/wp-content\/uploads\/2019\/10\/Rapport-activit\u00e9s-KAP-2018.pdf\">Activiteiten rapport KAP 2018 (franse versie)<\/a><\/p>\r\n\r\n\r\n\r\n<p>&nbsp;<\/p>\r\n<table style=\"border-collapse: collapse; width: 98.5497%; height: 162px;\">\r\n<tbody>\r\n<tr>\r\n<td style=\"width: 50%; text-align: center;\">\r\n<p><strong>Video presentatie KAP 2021<\/strong><\/p>\r\n<p><iframe loading=\"lazy\" src=\"\/\/player.vimeo.com\/video\/589358304?title=0&amp;amp;byline=0\" width=\"300\" height=\"247\" allowfullscreen=\"allowfullscreen\" data-mce-fragment=\"1\"><\/iframe>\u00a0<\/p>\r\n<\/td>\r\n<td style=\"width: 50%; text-align: center;\">\r\n<p><strong>Video presentatie KAP 2021 &#8211; versie NL<\/strong><\/p>\r\n<p><iframe loading=\"lazy\" src=\"\/\/player.vimeo.com\/video\/961150811?title=0&amp;amp;byline=0\" width=\"300\" height=\"247\" allowfullscreen=\"allowfullscreen\" data-mce-fragment=\"1\"><\/iframe><\/p>\r\n<\/td>\r\n<\/tr>\r\n<\/tbody>\r\n<\/table>\r\n<p>&nbsp;<\/p>\r\n<\/div><\/div>\r\n\r\n\r\n\r\n<p>&nbsp;<\/p>\r\n<p><a href=\"https:\/\/www.cemoasbl.be\/wp-content\/uploads\/2015\/09\/FWB_QUADRI_VERTI.jpg\"><img loading=\"lazy\" class=\"alignnone  wp-image-1289\" src=\"https:\/\/www.cemoasbl.be\/wp-content\/uploads\/2015\/09\/FWB_QUADRI_VERTI-300x287.jpg\" alt=\"\" width=\"48\" height=\"46\" srcset=\"https:\/\/www.cemoasbl.be\/wp-content\/uploads\/2015\/09\/FWB_QUADRI_VERTI-300x287.jpg 300w, https:\/\/www.cemoasbl.be\/wp-content\/uploads\/2015\/09\/FWB_QUADRI_VERTI-768x736.jpg 768w, https:\/\/www.cemoasbl.be\/wp-content\/uploads\/2015\/09\/FWB_QUADRI_VERTI-1024x981.jpg 1024w\" sizes=\"(max-width: 48px) 100vw, 48px\" \/> <\/a><a href=\"https:\/\/www.cemoasbl.be\/wp-content\/uploads\/2023\/09\/logo_cpas.png\"><img loading=\"lazy\" class=\"alignnone wp-image-1840 \" src=\"https:\/\/www.cemoasbl.be\/wp-content\/uploads\/2023\/09\/logo_cpas-300x192.png\" alt=\"\" width=\"71\" height=\"46\" srcset=\"https:\/\/www.cemoasbl.be\/wp-content\/uploads\/2023\/09\/logo_cpas-300x192.png 300w, https:\/\/www.cemoasbl.be\/wp-content\/uploads\/2023\/09\/logo_cpas.png 318w\" sizes=\"(max-width: 71px) 100vw, 71px\" \/><\/a><a href=\"https:\/\/www.cemoasbl.be\/wp-content\/uploads\/2017\/10\/lpt_logo_couleurs.jpg\"><img loading=\"lazy\" class=\"alignnone  wp-image-1287\" src=\"https:\/\/www.cemoasbl.be\/wp-content\/uploads\/2017\/10\/lpt_logo_couleurs-300x135.jpg\" alt=\"\" width=\"102\" height=\"46\" srcset=\"https:\/\/www.cemoasbl.be\/wp-content\/uploads\/2017\/10\/lpt_logo_couleurs-300x135.jpg 300w, https:\/\/www.cemoasbl.be\/wp-content\/uploads\/2017\/10\/lpt_logo_couleurs-768x345.jpg 768w, https:\/\/www.cemoasbl.be\/wp-content\/uploads\/2017\/10\/lpt_logo_couleurs-1024x460.jpg 1024w, https:\/\/www.cemoasbl.be\/wp-content\/uploads\/2017\/10\/lpt_logo_couleurs.jpg 1518w\" sizes=\"(max-width: 102px) 100vw, 102px\" \/><\/a><a href=\"https:\/\/www.cemoasbl.be\/wp-content\/uploads\/2017\/10\/logo-AIS-SVK-bilingue.jpg\"><img loading=\"lazy\" class=\"alignnone  wp-image-1286\" src=\"https:\/\/www.cemoasbl.be\/wp-content\/uploads\/2017\/10\/logo-AIS-SVK-bilingue-300x173.jpg\" alt=\"\" width=\"79\" height=\"46\" srcset=\"https:\/\/www.cemoasbl.be\/wp-content\/uploads\/2017\/10\/logo-AIS-SVK-bilingue-300x173.jpg 300w, https:\/\/www.cemoasbl.be\/wp-content\/uploads\/2017\/10\/logo-AIS-SVK-bilingue.jpg 755w\" sizes=\"(max-width: 79px) 100vw, 79px\" \/><\/a><a href=\"https:\/\/www.cemoasbl.be\/wp-content\/uploads\/2021\/11\/Habitat-et-renovation.jpg\"><img loading=\"lazy\" class=\"alignnone  wp-image-1673\" src=\"https:\/\/www.cemoasbl.be\/wp-content\/uploads\/2021\/11\/Habitat-et-renovation-300x300.jpg\" alt=\"\" width=\"46\" height=\"46\" srcset=\"https:\/\/www.cemoasbl.be\/wp-content\/uploads\/2021\/11\/Habitat-et-renovation-300x300.jpg 300w, https:\/\/www.cemoasbl.be\/wp-content\/uploads\/2021\/11\/Habitat-et-renovation-150x150.jpg 150w, https:\/\/www.cemoasbl.be\/wp-content\/uploads\/2021\/11\/Habitat-et-renovation.jpg 500w\" sizes=\"(max-width: 46px) 100vw, 46px\" \/><\/a><a href=\"https:\/\/www.cemoasbl.be\/wp-content\/uploads\/2021\/11\/Logo-MAIS.jpg\"><img loading=\"lazy\" class=\"alignnone  wp-image-1664\" src=\"https:\/\/www.cemoasbl.be\/wp-content\/uploads\/2021\/11\/Logo-MAIS-224x300.jpg\" alt=\"\" width=\"34\" height=\"46\" srcset=\"https:\/\/www.cemoasbl.be\/wp-content\/uploads\/2021\/11\/Logo-MAIS-224x300.jpg 224w, https:\/\/www.cemoasbl.be\/wp-content\/uploads\/2021\/11\/Logo-MAIS.jpg 567w\" sizes=\"(max-width: 34px) 100vw, 34px\" \/><\/a><a href=\"https:\/\/www.cemoasbl.be\/wp-content\/uploads\/2022\/02\/Logo-AISAC-scaled.jpg\"><img loading=\"lazy\" class=\"alignnone  wp-image-1693\" src=\"https:\/\/www.cemoasbl.be\/wp-content\/uploads\/2022\/02\/Logo-AISAC-300x73.jpg\" alt=\"\" width=\"189\" height=\"46\" srcset=\"https:\/\/www.cemoasbl.be\/wp-content\/uploads\/2022\/02\/Logo-AISAC-300x73.jpg 300w, https:\/\/www.cemoasbl.be\/wp-content\/uploads\/2022\/02\/Logo-AISAC-1024x248.jpg 1024w, https:\/\/www.cemoasbl.be\/wp-content\/uploads\/2022\/02\/Logo-AISAC-768x186.jpg 768w, https:\/\/www.cemoasbl.be\/wp-content\/uploads\/2022\/02\/Logo-AISAC-1536x372.jpg 1536w, https:\/\/www.cemoasbl.be\/wp-content\/uploads\/2022\/02\/Logo-AISAC-2048x496.jpg 2048w\" sizes=\"(max-width: 189px) 100vw, 189px\" \/> <\/a><a href=\"https:\/\/www.cemoasbl.be\/wp-content\/uploads\/2015\/09\/Logo-Arc-en-Ciel.jpg\"><img loading=\"lazy\" class=\"alignnone  wp-image-1291\" src=\"https:\/\/www.cemoasbl.be\/wp-content\/uploads\/2015\/09\/Logo-Arc-en-Ciel-300x198.jpg\" alt=\"\" width=\"69\" height=\"46\" srcset=\"https:\/\/www.cemoasbl.be\/wp-content\/uploads\/2015\/09\/Logo-Arc-en-Ciel-300x198.jpg 300w, https:\/\/www.cemoasbl.be\/wp-content\/uploads\/2015\/09\/Logo-Arc-en-Ciel.jpg 595w\" sizes=\"(max-width: 69px) 100vw, 69px\" \/><\/a><a href=\"https:\/\/www.cemoasbl.be\/wp-content\/uploads\/2021\/11\/COCOM-2.jpg\">\u00a0<\/a><a href=\"https:\/\/www.cemoasbl.be\/wp-content\/uploads\/2021\/11\/Loterie-nationale.jpg\"> <img loading=\"lazy\" class=\"alignnone  wp-image-1670\" src=\"https:\/\/www.cemoasbl.be\/wp-content\/uploads\/2021\/11\/Loterie-nationale.jpg\" alt=\"\" width=\"46\" height=\"48\" \/><\/a><a href=\"https:\/\/www.cemoasbl.be\/wp-content\/uploads\/2023\/09\/vivre-logo.png\"><img loading=\"lazy\" class=\"alignnone  wp-image-1842\" src=\"https:\/\/www.cemoasbl.be\/wp-content\/uploads\/2023\/09\/vivre-logo.png\" alt=\"\" width=\"207\" height=\"45\" \/><\/a><a href=\"https:\/\/www.cemoasbl.be\/wp-content\/uploads\/2023\/09\/Region-de-Bruxelles-Capitale-1.jpg\"> <img loading=\"lazy\" class=\"alignnone  wp-image-1838\" src=\"https:\/\/www.cemoasbl.be\/wp-content\/uploads\/2023\/09\/Region-de-Bruxelles-Capitale-1-247x300.jpg\" alt=\"\" width=\"39\" height=\"47\" srcset=\"https:\/\/www.cemoasbl.be\/wp-content\/uploads\/2023\/09\/Region-de-Bruxelles-Capitale-1-247x300.jpg 247w, https:\/\/www.cemoasbl.be\/wp-content\/uploads\/2023\/09\/Region-de-Bruxelles-Capitale-1-844x1024.jpg 844w, https:\/\/www.cemoasbl.be\/wp-content\/uploads\/2023\/09\/Region-de-Bruxelles-Capitale-1-768x932.jpg 768w, https:\/\/www.cemoasbl.be\/wp-content\/uploads\/2023\/09\/Region-de-Bruxelles-Capitale-1-1266x1536.jpg 1266w, https:\/\/www.cemoasbl.be\/wp-content\/uploads\/2023\/09\/Region-de-Bruxelles-Capitale-1-1688x2048.jpg 1688w, https:\/\/www.cemoasbl.be\/wp-content\/uploads\/2023\/09\/Region-de-Bruxelles-Capitale-1.jpg 1899w\" sizes=\"(max-width: 39px) 100vw, 39px\" \/><\/a><a href=\"https:\/\/www.cemoasbl.be\/wp-content\/uploads\/2021\/11\/COCOM-2.jpg\"><img loading=\"lazy\" class=\"alignnone  wp-image-1662\" src=\"https:\/\/www.cemoasbl.be\/wp-content\/uploads\/2021\/11\/COCOM-2-300x60.jpg\" alt=\"\" width=\"230\" height=\"46\" srcset=\"https:\/\/www.cemoasbl.be\/wp-content\/uploads\/2021\/11\/COCOM-2-300x60.jpg 300w, https:\/\/www.cemoasbl.be\/wp-content\/uploads\/2021\/11\/COCOM-2.jpg 428w\" sizes=\"(max-width: 230px) 100vw, 230px\" \/><\/a><\/p>\r\n\r\n<div id=\"ConnectiveDocSignExtentionInstalled\" data-extension-version=\"1.0.4\">\u00a0<\/div>","protected":false},"excerpt":{"rendered":"<p>Kot Autonome Provisoire (tijdelijk zelfstandig verblijf) Transitappartementen voor begeleiding naar zelfstandigheid Een groot aantal \u00ab jongeren \u00bb komen bij moeilijkheden in hun gezinssituatie of crisissituaties op straat terecht, met alle risico\u2019s van dien, en de moeilijkheid om een nieuw (tijdelijk) verblijf te vinden. Ons begeleidingsproject naar zelfstandigheid richt zich tot jongeren tussen 16 en 25 [&hellip;]<\/p>\n","protected":false},"author":8,"featured_media":1419,"parent":0,"menu_order":0,"comment_status":"closed","ping_status":"open","template":"","meta":[],"_links":{"self":[{"href":"https:\/\/www.cemoasbl.be\/nl\/wp-json\/wp\/v2\/pages\/1550"}],"collection":[{"href":"https:\/\/www.cemoasbl.be\/nl\/wp-json\/wp\/v2\/pages"}],"about":[{"href":"https:\/\/www.cemoasbl.be\/nl\/wp-json\/wp\/v2\/types\/page"}],"author":[{"embeddable":true,"href":"https:\/\/www.cemoasbl.be\/nl\/wp-json\/wp\/v2\/users\/8"}],"replies":[{"embeddable":true,"href":"https:\/\/www.cemoasbl.be\/nl\/wp-json\/wp\/v2\/comments?post=1550"}],"version-history":[{"count":15,"href":"https:\/\/www.cemoasbl.be\/nl\/wp-json\/wp\/v2\/pages\/1550\/revisions"}],"predecessor-version":[{"id":1980,"href":"https:\/\/www.cemoasbl.be\/nl\/wp-json\/wp\/v2\/pages\/1550\/revisions\/1980"}],"wp:featuredmedia":[{"embeddable":true,"href":"https:\/\/www.cemoasbl.be\/nl\/wp-json\/wp\/v2\/media\/1419"}],"wp:attachment":[{"href":"https:\/\/www.cemoasbl.be\/nl\/wp-json\/wp\/v2\/media?parent=1550"}],"curies":[{"name":"wp","href":"https:\/\/api.w.org\/{rel}","templated":true}]}}